{"id":5280,"date":"2015-09-24T12:05:13","date_gmt":"2015-09-24T10:05:13","guid":{"rendered":"http:\/\/www.ccmagnet.com\/impressum\/"},"modified":"2024-07-05T11:50:36","modified_gmt":"2024-07-05T09:50:36","slug":"impressum","status":"publish","type":"page","link":"https:\/\/www.weber-fuerst.com\/en\/impressum\/","title":{"rendered":"Impressum"},"content":{"rendered":"<div id=\"themify_builder_content-5280\" data-postid=\"5280\" class=\"themify_builder_content themify_builder_content-5280 themify_builder themify_builder_front\">\n\n\t\n                <!-- module_row -->\n                <div data-gutter=\"gutter-default\" class=\"themify_builder_row themify_builder_5280_row module_row module_row_0 clearfix gutter-default\"                      data-equal-column-height=\"\">\n\n                    \n                    \n                    <div class=\"row_inner_wrapper\">\n                        <div class=\"row_inner\">\n\n                            \n                            \n                                \n                                        <div class=\"col4-2 first tb-column  tb_5280_column module_column_0 module_column\" >\n\n                                            \n                                            \n                                            <div class=\"tb-column-inner\">\n\n                                                \n                                                \n                                                    \n<!-- module text -->\n<div id=\"text-5280-0-0-1\" class=\"module module-text text-5280-0-0-1   \">\n\t\n\t\n\t<h5>Information provided according to Sec. 5 German Telemedia Act (TMG):<\/h5>\n<p>Cornelia Weber-F\u00fcrst<br \/>\ncoaching \u2013 training \u2013 beratung<br \/>\nD\u00f6llingerstr. 16a<br \/>\n80639 M\u00fcnchen<\/p>\n<h5>Contact:<\/h5>\n<p>Telephone: +49 (0) 89-17117850<br \/>\nEmail: info@cornelia-weber.com<\/p>\n<h5>Responsible for contents acc. to Sec. 55, para. 2 German Federal Broadcasting Agreement (RstV):<\/h5>\n<p>Cornelia Weber-F\u00fcrst<br \/>\nD\u00f6llingerstr. 16a<br \/>\nD-80639 M\u00fcnchen<\/p>\n<h5>Information on professional liability insurance<\/h5>\n<p>Name and registered office of the insurer:<br \/>\nERGO Versicherung AG<br \/>\n40198 Dusseldorf<br \/>\nScope of insurance: Europe<\/p>\n<h5>Dispute resolution<\/h5>\n<p>The European Commission provides a platform for online dispute resolution (OS): <a href=\"https:\/\/ec.europa.eu\/consumers\/odr\" target=\"_blank\" rel=\"noopener\">https:\/\/ec.europa.eu\/consumers\/odr<\/a>.<br \/>\nPlease find our email in the impressum\/legal notice.<\/p>\n<h5 style=\"text-align: right;\">Webdesign:<\/h5>\n<p style=\"text-align: right;\"><a href=\"http:\/\/www.limstyle.com\">limstyle webdesign<\/a><\/p>\n<h5 style=\"text-align: right;\">Photos by Cornelia Weber-F\u00fcrst:<\/h5>\n<p style=\"text-align: right;\">Cem Bazer<\/p>\n<h5 style=\"text-align: right;\">Artwork:<\/h5>\n<p style=\"text-align: right;\"><a href=\"http:\/\/www.andrea-matheisen.de\/\" target=\"_blank\" rel=\"noopener\">Andrea Matheisen-Bierling<\/a> &#8211; Skulptur<br \/>\nMaryanne Ljung &#8211; blau-wei\u00dfes Bild<br \/>\nMarek Sibinsk\u00fd &#8211; schwarz-wei\u00dfes Bild<\/p>\n\n\t<\/div>\n<!-- \/module text -->\n\n                                                    <\/div>\n                                                    <!-- \/.tb-column-inner -->\n                                                                                                <\/div>\n                                            <!-- \/.tb-column -->\n                                        \n                                        <div class=\"col4-2 last tb-column  tb_5280_column module_column_1 module_column\" >\n\n                                            \n                                            \n                                            <div class=\"tb-column-inner\">\n\n                                                \n                                                \n                                                    \n<!-- module text -->\n<div id=\"text-5280-0-1-1\" class=\"module module-text text-5280-0-1-1   \">\n\t\n\t\n\t<h5>Liability for Contents<\/h5>\n<p>As service providers, we are liable for own contents of these websites according to Sec. 7, paragraph 1 German Telemedia Act (TMG). However, according to Sec. 8 to 10 German Telemedia Act (TMG), service providers are not obligated to permanently monitor submitted or stored information or to search for evidences that indicate illegal activities.<\/p>\n<p>Legal obligations to removing information or to blocking the use of information remain unchallenged. In this case, liability is only possible at the time of knowledge about a specific violation of law. Illegal contents will be removed immediately at the time we get knowledge of them.<\/p>\n<h5>Liability for Links<\/h5>\n<p>Our offer includes links to external third party websites. We have no influence on the contents of those websites, therefore we cannot guarantee for those contents. Providers or administrators of linked websites are always responsible for their own contents.<\/p>\n<p>The linked websites had been checked for possible violations of law at the time of the establishment of the link. Illegal contents were not detected at the time of the linking. A permanent monitoring of the contents of linked websites cannot be imposed without reasonable indications that there has been a violation of law. Illegal links will be removed immediately at the time we get knowledge of them.<\/p>\n<h5>Copyright<\/h5>\n<p>Contents and compilations published on these websites by the providers are subject to German copyright laws. Reproduction, editing, distribution as well as the use of any kind outside the scope of the copyright law require a written permission of the author or originator. Downloads and copies of these websites are permitted for private use only.<br \/>\nThe commercial use of our contents without permission of the originator is prohibited.<\/p>\n<p>Copyright laws of third parties are respected as long as the contents on these websites do not originate from the provider. Contributions of third parties on this site are indicated as such. However, if you notice any violations of copyright law, please inform us. Such contents will be removed immediately.<\/p>\n\n\t<\/div>\n<!-- \/module text -->\n\n                                                    <\/div>\n                                                    <!-- \/.tb-column-inner -->\n                                                                                                <\/div>\n                                            <!-- \/.tb-column -->\n                                        \n                                    \n                                    \n                                \n                            <\/div>\n                            <!-- \/row_inner -->\n                        <\/div>\n                        <!-- \/row_inner_wrapper -->\n                    <\/div>\n                    <!-- \/module_row -->\n                    \n<\/div>\n<!-- \/themify_builder_content -->","protected":false},"excerpt":{"rendered":"<p>Information provided according to Sec. 5 German Telemedia Act (TMG): Cornelia Weber-F\u00fcrst coaching \u2013 training \u2013 beratung D\u00f6llingerstr. 16a 80639 M\u00fcnchen Contact: Telephone: +49 (0) 89-17117850 Email: info@cornelia-weber.com Responsible for contents acc. to Sec. 55, para. 2 German Federal Broadcasting Agreement (RstV): Cornelia Weber-F\u00fcrst D\u00f6llingerstr. 16a D-80639 M\u00fcnchen Information on professional liability insurance Name and [&hellip;]<\/p>\n","protected":false},"author":2,"featured_media":0,"parent":0,"menu_order":0,"comment_status":"closed","ping_status":"closed","template":"","meta":{"footnotes":""},"class_list":["post-5280","page","type-page","status-publish","hentry","has-post-title","has-post-date","has-post-category","no-post-tag","no-post-comment","no-post-author"],"yoast_head":"<!-- This site is optimized with the Yoast SEO plugin v24.9 - https:\/\/yoast.com\/wordpress\/plugins\/seo\/ -->\n<title>Impressum - cornelia weber-f\u00fcrst<\/title>\n<meta name=\"robots\" content=\"index, follow, max-snippet:-1, max-image-preview:large, max-video-preview:-1\" \/>\n<link rel=\"canonical\" href=\"https:\/\/www.weber-fuerst.com\/en\/impressum\/\" \/>\n<meta property=\"og:locale\" content=\"en_US\" \/>\n<meta property=\"og:type\" content=\"article\" \/>\n<meta property=\"og:title\" content=\"Impressum - cornelia weber-f\u00fcrst\" \/>\n<meta property=\"og:url\" content=\"https:\/\/www.weber-fuerst.com\/en\/impressum\/\" \/>\n<meta property=\"og:site_name\" content=\"cornelia weber-f\u00fcrst\" \/>\n<meta property=\"article:modified_time\" content=\"2024-07-05T09:50:36+00:00\" \/>\n<meta name=\"twitter:card\" content=\"summary_large_image\" \/>\n<script type=\"application\/ld+json\" class=\"yoast-schema-graph\">{\"@context\":\"https:\/\/schema.org\",\"@graph\":[{\"@type\":\"WebPage\",\"@id\":\"https:\/\/www.weber-fuerst.com\/en\/impressum\/\",\"url\":\"https:\/\/www.weber-fuerst.com\/en\/impressum\/\",\"name\":\"Impressum - cornelia weber-f\u00fcrst\",\"isPartOf\":{\"@id\":\"https:\/\/www.weber-fuerst.com\/en\/#website\"},\"datePublished\":\"2015-09-24T10:05:13+00:00\",\"dateModified\":\"2024-07-05T09:50:36+00:00\",\"breadcrumb\":{\"@id\":\"https:\/\/www.weber-fuerst.com\/en\/impressum\/#breadcrumb\"},\"inLanguage\":\"en-US\",\"potentialAction\":[{\"@type\":\"ReadAction\",\"target\":[\"https:\/\/www.weber-fuerst.com\/en\/impressum\/\"]}]},{\"@type\":\"BreadcrumbList\",\"@id\":\"https:\/\/www.weber-fuerst.com\/en\/impressum\/#breadcrumb\",\"itemListElement\":[{\"@type\":\"ListItem\",\"position\":1,\"name\":\"Home\",\"item\":\"https:\/\/www.weber-fuerst.com\/en\/\"},{\"@type\":\"ListItem\",\"position\":2,\"name\":\"Impressum\"}]},{\"@type\":\"WebSite\",\"@id\":\"https:\/\/www.weber-fuerst.com\/en\/#website\",\"url\":\"https:\/\/www.weber-fuerst.com\/en\/\",\"name\":\"cornelia weber-f\u00fcrst\",\"description\":\"Praxis f\u00fcr Psychotherapie nach dem HeilprG\",\"potentialAction\":[{\"@type\":\"SearchAction\",\"target\":{\"@type\":\"EntryPoint\",\"urlTemplate\":\"https:\/\/www.weber-fuerst.com\/en\/?s={search_term_string}\"},\"query-input\":{\"@type\":\"PropertyValueSpecification\",\"valueRequired\":true,\"valueName\":\"search_term_string\"}}],\"inLanguage\":\"en-US\"}]}<\/script>\n<!-- \/ Yoast SEO plugin. -->","yoast_head_json":{"title":"Impressum - cornelia weber-f\u00fcrst","robots":{"index":"index","follow":"follow","max-snippet":"max-snippet:-1","max-image-preview":"max-image-preview:large","max-video-preview":"max-video-preview:-1"},"canonical":"https:\/\/www.weber-fuerst.com\/en\/impressum\/","og_locale":"en_US","og_type":"article","og_title":"Impressum - cornelia weber-f\u00fcrst","og_url":"https:\/\/www.weber-fuerst.com\/en\/impressum\/","og_site_name":"cornelia weber-f\u00fcrst","article_modified_time":"2024-07-05T09:50:36+00:00","twitter_card":"summary_large_image","schema":{"@context":"https:\/\/schema.org","@graph":[{"@type":"WebPage","@id":"https:\/\/www.weber-fuerst.com\/en\/impressum\/","url":"https:\/\/www.weber-fuerst.com\/en\/impressum\/","name":"Impressum - cornelia weber-f\u00fcrst","isPartOf":{"@id":"https:\/\/www.weber-fuerst.com\/en\/#website"},"datePublished":"2015-09-24T10:05:13+00:00","dateModified":"2024-07-05T09:50:36+00:00","breadcrumb":{"@id":"https:\/\/www.weber-fuerst.com\/en\/impressum\/#breadcrumb"},"inLanguage":"en-US","potentialAction":[{"@type":"ReadAction","target":["https:\/\/www.weber-fuerst.com\/en\/impressum\/"]}]},{"@type":"BreadcrumbList","@id":"https:\/\/www.weber-fuerst.com\/en\/impressum\/#breadcrumb","itemListElement":[{"@type":"ListItem","position":1,"name":"Home","item":"https:\/\/www.weber-fuerst.com\/en\/"},{"@type":"ListItem","position":2,"name":"Impressum"}]},{"@type":"WebSite","@id":"https:\/\/www.weber-fuerst.com\/en\/#website","url":"https:\/\/www.weber-fuerst.com\/en\/","name":"cornelia weber-f\u00fcrst","description":"Praxis f\u00fcr Psychotherapie nach dem HeilprG","potentialAction":[{"@type":"SearchAction","target":{"@type":"EntryPoint","urlTemplate":"https:\/\/www.weber-fuerst.com\/en\/?s={search_term_string}"},"query-input":{"@type":"PropertyValueSpecification","valueRequired":true,"valueName":"search_term_string"}}],"inLanguage":"en-US"}]}},"_links":{"self":[{"href":"https:\/\/www.weber-fuerst.com\/en\/wp-json\/wp\/v2\/pages\/5280","targetHints":{"allow":["GET"]}}],"collection":[{"href":"https:\/\/www.weber-fuerst.com\/en\/wp-json\/wp\/v2\/pages"}],"about":[{"href":"https:\/\/www.weber-fuerst.com\/en\/wp-json\/wp\/v2\/types\/page"}],"author":[{"embeddable":true,"href":"https:\/\/www.weber-fuerst.com\/en\/wp-json\/wp\/v2\/users\/2"}],"replies":[{"embeddable":true,"href":"https:\/\/www.weber-fuerst.com\/en\/wp-json\/wp\/v2\/comments?post=5280"}],"version-history":[{"count":1,"href":"https:\/\/www.weber-fuerst.com\/en\/wp-json\/wp\/v2\/pages\/5280\/revisions"}],"predecessor-version":[{"id":5281,"href":"https:\/\/www.weber-fuerst.com\/en\/wp-json\/wp\/v2\/pages\/5280\/revisions\/5281"}],"wp:attachment":[{"href":"https:\/\/www.weber-fuerst.com\/en\/wp-json\/wp\/v2\/media?parent=5280"}],"curies":[{"name":"wp","href":"https:\/\/api.w.org\/{rel}","templated":true}]}}